{"id":97,"date":"2023-04-08T09:19:15","date_gmt":"2023-04-08T09:19:15","guid":{"rendered":"https:\/\/vietquangfarm.com\/index.php\/product\/hoodie-with-logo-3\/"},"modified":"2025-09-25T01:16:08","modified_gmt":"2025-09-24T18:16:08","slug":"rau-xa-lach","status":"publish","type":"product","link":"https:\/\/vietquangfarm.com\/index.php\/product\/rau-xa-lach\/","title":{"rendered":"Rau x\u00e0 l\u00e1ch"},"content":{"rendered":"<p><b>X\u00e0 l\u00e1ch<\/b><sup id=\"cite_ref-PHH_2-0\" class=\"reference\"><a href=\"https:\/\/vi.wikipedia.org\/wiki\/X%C3%A0_l%C3%A1ch#cite_note-PHH-2\">[2]<\/a><\/sup>\u00a0hay c\u00f2n g\u1ecdi\u00a0<b>c\u1ea3i b\u00e8o<\/b><sup id=\"cite_ref-PHH_2-1\" class=\"reference\"><a href=\"https:\/\/vi.wikipedia.org\/wiki\/X%C3%A0_l%C3%A1ch#cite_note-PHH-2\">[2]<\/a><\/sup>,\u00a0<b>c\u1ea3i tai b\u00e8o<\/b><sup id=\"cite_ref-TVK_3-0\" class=\"reference\"><a href=\"https:\/\/vi.wikipedia.org\/wiki\/X%C3%A0_l%C3%A1ch#cite_note-TVK-3\">[3]<\/a><\/sup>\u00a0(danh ph\u00e1p khoa h\u1ecdc:\u00a0<i><b>Lactuca sativa<\/b><\/i>) l\u00e0 lo\u00e0i th\u1ef1c v\u1eadt c\u00f3 hoa thu\u1ed9c\u00a0<a title=\"H\u1ecd C\u00fac\" href=\"https:\/\/vi.wikipedia.org\/wiki\/H%E1%BB%8D_C%C3%BAc\">h\u1ecd C\u00fac<\/a>\u00a0\u0111\u01b0\u1ee3c nh\u00e0 th\u1ef1c v\u1eadt\u00a0<a class=\"mw-redirect\" title=\"Carolus Linnaeus\" href=\"https:\/\/vi.wikipedia.org\/wiki\/Carolus_Linnaeus\">L.<\/a>\u00a0m\u00f4 t\u1ea3 khoa h\u1ecdc l\u1ea7n \u0111\u1ea7u n\u0103m 1753.<sup id=\"cite_ref-TPL_1-1\" class=\"reference\"><a href=\"https:\/\/vi.wikipedia.org\/wiki\/X%C3%A0_l%C3%A1ch#cite_note-TPL-1\">[1]<\/a><\/sup>\u00a0N\u00f3 th\u01b0\u1eddng \u0111\u01b0\u1ee3c tr\u1ed3ng l\u00e0m rau \u0103n l\u00e1, \u0111\u1eb7c bi\u1ec7t trong m\u00f3n xa l\u00e1t, b\u00e1nh m\u00ec k\u1eb9p, h\u0103m-b\u01a1-g\u01a1 v\u00e0 nhi\u1ec1u m\u00f3n \u0103n kh\u00e1c.<\/p>\n<p>Ngo\u00e0i ra n\u00f3 c\u00f2n \u0111\u01b0\u1ee3c g\u1ecdi l\u00e0\u00a0<b>rau di\u1ebfp<\/b><sup id=\"cite_ref-TVK_3-1\" class=\"reference\"><a href=\"https:\/\/vi.wikipedia.org\/wiki\/X%C3%A0_l%C3%A1ch#cite_note-TVK-3\">[3]<\/a><\/sup>, \u0111\u01b0\u1ee3c bi\u1ebft \u0111\u1ebfn t\u1eeb th\u1eddi xa x\u01b0a v\u00ec \u0111\u1eb7c t\u00ednh gi\u1ea3i kh\u00e1t, tinh khi\u1ebft v\u00e0 gi\u00fap an th\u1ea7n c\u1ee7a n\u00f3. T\u00ean c\u1ee7a n\u00f3 b\u1eaft ngu\u1ed3n t\u1eeb lo\u1ea1i n\u01b0\u1edbc tr\u1eafng \u0111\u1ee5c (cao su) ch\u1ea3y r\u1ec9 ra t\u1eeb th\u00e2n c\u00e2y rau sau khi \u0111\u01b0\u1ee3c c\u1eaft<\/p>\n","protected":false},"excerpt":{"rendered":"<p>L\u1edbp l\u00e1 b\u00ean ngo\u00e0i xanh h\u01a1n v\u00e0 l\u1edbp l\u00e1 b\u00ean trong tr\u1eafng h\u01a1n. Lo\u1ea1i n\u00e0y ph\u1ed5 bi\u1ebfn nh\u1ea5t v\u00ec c\u00f3 k\u1ebft c\u1ea5u l\u00e1 gi\u00f2n, m\u00f9i v\u1ecb nh\u1eb9 nh\u00e0ng v\u00e0 c\u00f3 nhi\u1ec1u n\u01b0\u1edbc. N\u00f3 l\u00e0 m\u1ed9t ngu\u1ed3n ch\u1ee9a nhi\u1ec1u ch\u1ea5t\u00a0<a title=\"Choline\" href=\"https:\/\/vi.wikipedia.org\/wiki\/Choline\">choline<\/a>\u00a0(m\u1ed9t ch\u1ea5t amin t\u1ef1 nhi\u00ean, C<sub>5<\/sub>H<sub>15<\/sub>NO<sub>2<\/sub>, th\u01b0\u1eddng \u0111\u01b0\u1ee3c x\u1ebfp v\u00e0o lo\u1ea1i vitamin B complex, v\u00e0 l\u00e0 th\u00e0nh ph\u1ea7n c\u1ee7a nhi\u1ec1u ph\u00e2n t\u1eed sinh h\u1ecdc quan tr\u1ecdng kh\u00e1c, ch\u1eb3ng h\u1ea1n nh\u01b0 acetylcholine v\u00e0 lecithin).<\/p>\n","protected":false},"featured_media":98,"comment_status":"open","ping_status":"closed","template":"","meta":[],"product_brand":[],"product_cat":[21],"product_tag":[22,23],"class_list":{"0":"post-97","1":"product","2":"type-product","3":"status-publish","4":"has-post-thumbnail","6":"product_cat-rau","7":"product_tag-rau","8":"product_tag-xa-lach","10":"first","11":"instock","12":"shipping-taxable","13":"product-type-simple"},"_links":{"self":[{"href":"https:\/\/vietquangfarm.com\/index.php\/wp-json\/wp\/v2\/product\/97","targetHints":{"allow":["GET"]}}],"collection":[{"href":"https:\/\/vietquangfarm.com\/index.php\/wp-json\/wp\/v2\/product"}],"about":[{"href":"https:\/\/vietquangfarm.com\/index.php\/wp-json\/wp\/v2\/types\/product"}],"replies":[{"embeddable":true,"href":"https:\/\/vietquangfarm.com\/index.php\/wp-json\/wp\/v2\/comments?post=97"}],"wp:featuredmedia":[{"embeddable":true,"href":"https:\/\/vietquangfarm.com\/index.php\/wp-json\/wp\/v2\/media\/98"}],"wp:attachment":[{"href":"https:\/\/vietquangfarm.com\/index.php\/wp-json\/wp\/v2\/media?parent=97"}],"wp:term":[{"taxonomy":"product_brand","embeddable":true,"href":"https:\/\/vietquangfarm.com\/index.php\/wp-json\/wp\/v2\/product_brand?post=97"},{"taxonomy":"product_cat","embeddable":true,"href":"https:\/\/vietquangfarm.com\/index.php\/wp-json\/wp\/v2\/product_cat?post=97"},{"taxonomy":"product_tag","embeddable":true,"href":"https:\/\/vietquangfarm.com\/index.php\/wp-json\/wp\/v2\/product_tag?post=97"}],"curies":[{"name":"wp","href":"https:\/\/api.w.org\/{rel}","templated":true}]}}