{"id":125,"date":"2023-04-08T10:24:29","date_gmt":"2023-04-08T10:24:29","guid":{"rendered":"https:\/\/vietquangfarm.com\/?post_type=product&#038;p=125"},"modified":"2025-10-15T01:11:32","modified_gmt":"2025-10-14T18:11:32","slug":"tom","status":"publish","type":"product","link":"https:\/\/vietquangfarm.com\/index.php\/product\/tom\/","title":{"rendered":"T\u00f4m"},"content":{"rendered":"<p><b>T\u00f4m<\/b>\u00a0l\u00e0 t\u1eeb ch\u1ec9 ph\u1ea7n l\u1edbn c\u00e1c lo\u00e0i\u00a0<a title=\"\u0110\u1ed9ng v\u1eadt gi\u00e1p x\u00e1c\" href=\"https:\/\/vi.wikipedia.org\/wiki\/%C4%90%E1%BB%99ng_v%E1%BA%ADt_gi%C3%A1p_x%C3%A1c\">\u0111\u1ed9ng v\u1eadt gi\u00e1p x\u00e1c<\/a>\u00a0trong b\u1ed9\u00a0<a title=\"Gi\u00e1p x\u00e1c m\u01b0\u1eddi ch\u00e2n\" href=\"https:\/\/vi.wikipedia.org\/wiki\/Gi%C3%A1p_x%C3%A1c_m%C6%B0%E1%BB%9Di_ch%C3%A2n\">gi\u00e1p x\u00e1c m\u01b0\u1eddi ch\u00e2n<\/a>, ngo\u1ea1i tr\u1eeb\u00a0<a title=\"Ph\u00e2n th\u1ee9 b\u1ed9 Cua\" href=\"https:\/\/vi.wikipedia.org\/wiki\/Ph%C3%A2n_th%E1%BB%A9_b%E1%BB%99_Cua\">ph\u00e2n th\u1ee9 b\u1ed9 Cua<\/a>\u00a0bao g\u1ed3m c\u00e1c lo\u00e0i cua,\u00a0<a title=\"C\u00e1y\" href=\"https:\/\/vi.wikipedia.org\/wiki\/C%C3%A1y\">c\u00e1y<\/a>\u00a0v\u00e0 c\u00f3 th\u1ec3 l\u00e0 m\u1ed9t ph\u1ea7n c\u1ee7a c\u1eadn b\u1ed9\u00a0<a class=\"new\" title=\"Anomura (trang kh\u00f4ng t\u1ed3n t\u1ea1i)\" href=\"https:\/\/vi.wikipedia.org\/w\/index.php?title=Anomura&amp;action=edit&amp;redlink=1\">Anomura<\/a> bao g\u1ed3m c\u00e1c lo\u00e0i t\u00f4m \u1edf nh\u1edd (\u1ed1c m\u01b0\u1ee3n h\u1ed3n)<\/p>\n<p>Ch\u00fang \u0111a ph\u1ea7n l\u00e0\u00a0<a title=\"\u0110\u1ed9ng v\u1eadt \u0103n t\u1ea1p\" href=\"https:\/\/vi.wikipedia.org\/wiki\/%C4%90%E1%BB%99ng_v%E1%BA%ADt_%C4%83n_t%E1%BA%A1p\">\u0111\u1ed9ng v\u1eadt \u0103n t\u1ea1p<\/a>\u00a0s\u1ed1ng \u1edf d\u01b0\u1edbi n\u01b0\u1edbc, bao g\u1ed3m c\u00e1c lo\u00e0i s\u1ed1ng \u1edf n\u01b0\u1edbc bi\u1ec3n, nh\u01b0\u00a0<a class=\"mw-redirect\" title=\"T\u00f4m h\u00f9m c\u00e0ng\" href=\"https:\/\/vi.wikipedia.org\/wiki\/T%C3%B4m_h%C3%B9m_c%C3%A0ng\">t\u00f4m h\u00f9m c\u00e0ng<\/a>, v\u00e0 c\u00e1c lo\u00e0i s\u1ed1ng \u1edf v\u00f9ng\u00a0<a title=\"N\u01b0\u1edbc ng\u1ecdt\" href=\"https:\/\/vi.wikipedia.org\/wiki\/N%C6%B0%E1%BB%9Bc_ng%E1%BB%8Dt\">n\u01b0\u1edbc ng\u1ecdt<\/a>, nh\u01b0\u00a0<a class=\"mw-redirect\" title=\"T\u00f4m \u0111\u1ed3ng\" href=\"https:\/\/vi.wikipedia.org\/wiki\/T%C3%B4m_%C4%91%E1%BB%93ng\">t\u00f4m \u0111\u1ed3ng<\/a>, v\u00e0\u00a0<a title=\"N\u01b0\u1edbc l\u1ee3\" href=\"https:\/\/vi.wikipedia.org\/wiki\/N%C6%B0%E1%BB%9Bc_l%E1%BB%A3\">n\u01b0\u1edbc l\u1ee3<\/a>, nh\u01b0\u00a0<a title=\"T\u00f4m c\u00e0ng xanh\" href=\"https:\/\/vi.wikipedia.org\/wiki\/T%C3%B4m_c%C3%A0ng_xanh\">t\u00f4m c\u00e0ng xanh<\/a>. Di chuy\u1ec3n trong n\u01b0\u1edbc, ch\u00fang c\u00f3 th\u1ec3 b\u00f2 b\u1eb1ng ch\u00e2n, b\u01a1i b\u1eb1ng khua ch\u00e2n, ho\u1eb7c trong m\u1ed9t s\u1ed1 tr\u01b0\u1eddng h\u1ee3p b\u01a1i ng\u01b0\u1ee3c b\u1eb1ng c\u00e1ch g\u1eadp ng\u01b0\u1eddi \u0111\u1ec3 tho\u00e1t hi\u1ec3m &#8211; m\u1ed9t ki\u1ec3u b\u01a1i r\u1ea5t \u0111\u1eb7c tr\u01b0ng c\u1ee7a nhi\u1ec1u lo\u00e0i t\u00f4m.<\/p>\n","protected":false},"excerpt":{"rendered":"<p>T\u00f4m t\u1ea1i Vi\u1ec7t Quang Farm c\u00f3 ngu\u1ed3n g\u1ed1c r\u00f5 r\u00e0ng, b\u1ea3o \u0111\u1ea3m VSATTP.<\/p>\n","protected":false},"featured_media":126,"comment_status":"open","ping_status":"closed","template":"","meta":[],"product_brand":[],"product_cat":[26],"product_tag":[32],"class_list":{"0":"post-125","1":"product","2":"type-product","3":"status-publish","4":"has-post-thumbnail","6":"product_cat-thit","7":"product_tag-tom","9":"first","10":"instock","11":"shipping-taxable","12":"product-type-simple"},"_links":{"self":[{"href":"https:\/\/vietquangfarm.com\/index.php\/wp-json\/wp\/v2\/product\/125","targetHints":{"allow":["GET"]}}],"collection":[{"href":"https:\/\/vietquangfarm.com\/index.php\/wp-json\/wp\/v2\/product"}],"about":[{"href":"https:\/\/vietquangfarm.com\/index.php\/wp-json\/wp\/v2\/types\/product"}],"replies":[{"embeddable":true,"href":"https:\/\/vietquangfarm.com\/index.php\/wp-json\/wp\/v2\/comments?post=125"}],"wp:featuredmedia":[{"embeddable":true,"href":"https:\/\/vietquangfarm.com\/index.php\/wp-json\/wp\/v2\/media\/126"}],"wp:attachment":[{"href":"https:\/\/vietquangfarm.com\/index.php\/wp-json\/wp\/v2\/media?parent=125"}],"wp:term":[{"taxonomy":"product_brand","embeddable":true,"href":"https:\/\/vietquangfarm.com\/index.php\/wp-json\/wp\/v2\/product_brand?post=125"},{"taxonomy":"product_cat","embeddable":true,"href":"https:\/\/vietquangfarm.com\/index.php\/wp-json\/wp\/v2\/product_cat?post=125"},{"taxonomy":"product_tag","embeddable":true,"href":"https:\/\/vietquangfarm.com\/index.php\/wp-json\/wp\/v2\/product_tag?post=125"}],"curies":[{"name":"wp","href":"https:\/\/api.w.org\/{rel}","templated":true}]}}