{"id":121,"date":"2023-04-08T10:17:44","date_gmt":"2023-04-08T10:17:44","guid":{"rendered":"https:\/\/vietquangfarm.com\/?post_type=product&#038;p=121"},"modified":"2025-10-15T01:11:14","modified_gmt":"2025-10-14T18:11:14","slug":"thit-bo","status":"publish","type":"product","link":"https:\/\/vietquangfarm.com\/index.php\/product\/thit-bo\/","title":{"rendered":"Th\u1ecbt b\u00f2"},"content":{"rendered":"<p><b>Th\u1ecbt b\u00f2<\/b>\u00a0l\u00e0 th\u1ecbt c\u1ee7a con\u00a0<a title=\"B\u00f2\" href=\"https:\/\/vi.wikipedia.org\/wiki\/B%C3%B2\">b\u00f2<\/a>\u00a0(th\u00f4ng d\u1ee5ng l\u00e0 lo\u1ea1i\u00a0<a title=\"B\u00f2 th\u1ecbt\" href=\"https:\/\/vi.wikipedia.org\/wiki\/B%C3%B2_th%E1%BB%8Bt\">b\u00f2 th\u1ecbt<\/a>). \u0110\u00e2y l\u00e0 th\u1ef1c ph\u1ea9m\u00a0<a title=\"Gia s\u00fac\" href=\"https:\/\/vi.wikipedia.org\/wiki\/Gia_s%C3%BAc\">gia s\u00fac<\/a>\u00a0ph\u1ed5 bi\u1ebfn tr\u00ean th\u1ebf gi\u1edbi, c\u00f9ng v\u1edbi\u00a0<a title=\"Th\u1ecbt l\u1ee3n\" href=\"https:\/\/vi.wikipedia.org\/wiki\/Th%E1%BB%8Bt_l%E1%BB%A3n\">th\u1ecbt l\u1ee3n<\/a>, \u0111\u01b0\u1ee3c ch\u1ebf bi\u1ebfn v\u00e0 s\u1eed d\u1ee5ng theo nhi\u1ec1u c\u00e1ch, trong nhi\u1ec1u n\u1ec1n v\u0103n ho\u00e1 v\u00e0 t\u00f4n gi\u00e1o kh\u00e1c nhau, c\u00f9ng v\u1edbi th\u1ecbt l\u1ee3n v\u00e0\u00a0<a title=\"Th\u1ecbt g\u00e0\" href=\"https:\/\/vi.wikipedia.org\/wiki\/Th%E1%BB%8Bt_g%C3%A0\">th\u1ecbt g\u00e0<\/a>, th\u1ecbt b\u00f2 l\u00e0 m\u1ed9t trong nh\u1eefng lo\u1ea1i th\u1ecbt \u0111\u01b0\u1ee3c\u00a0<a class=\"mw-redirect\" title=\"Lo\u00e0i ng\u01b0\u1eddi\" href=\"https:\/\/vi.wikipedia.org\/wiki\/Lo%C3%A0i_ng%C6%B0%E1%BB%9Di\">con ng\u01b0\u1eddi<\/a>\u00a0s\u1eed d\u1ee5ng nhi\u1ec1u nh\u1ea5t.<\/p>\n","protected":false},"excerpt":{"rendered":"<p>Th\u1ecbt b\u00f2 t\u1ea1i Vi\u1ec7t Quang Farm v\u1eeba c\u00f3 ngu\u1ed3n g\u1ed1c nh\u1eadp kh\u1ea9u t\u1eeb \u00dac v\u1eeba c\u00f3 ngu\u1ed3n g\u1ed1c ch\u0103n nu\u00f4i trong n\u01b0\u1edbc. S\u1ea3n ph\u1ea9m \u0111\u1ea1t v\u1ec7 sinh an to\u00e0n th\u1ef1c ph\u1ea9m 5 sau. Ch\u1ea5t l\u01b0\u1ee3ng th\u1ecbt ngon, gi\u00e0u dinh d\u01b0\u1ee1ng l\u00e0 l\u1ef1a ch\u1ecdn h\u00e0ng \u0111\u1ea7u cho gia \u0111\u00ecnh b\u1ea1n.<\/p>\n","protected":false},"featured_media":122,"comment_status":"open","ping_status":"closed","template":"","meta":[],"product_brand":[],"product_cat":[26],"product_tag":[31],"class_list":{"0":"post-121","1":"product","2":"type-product","3":"status-publish","4":"has-post-thumbnail","6":"product_cat-thit","7":"product_tag-thit-bo","9":"first","10":"instock","11":"shipping-taxable","12":"product-type-simple"},"_links":{"self":[{"href":"https:\/\/vietquangfarm.com\/index.php\/wp-json\/wp\/v2\/product\/121","targetHints":{"allow":["GET"]}}],"collection":[{"href":"https:\/\/vietquangfarm.com\/index.php\/wp-json\/wp\/v2\/product"}],"about":[{"href":"https:\/\/vietquangfarm.com\/index.php\/wp-json\/wp\/v2\/types\/product"}],"replies":[{"embeddable":true,"href":"https:\/\/vietquangfarm.com\/index.php\/wp-json\/wp\/v2\/comments?post=121"}],"wp:featuredmedia":[{"embeddable":true,"href":"https:\/\/vietquangfarm.com\/index.php\/wp-json\/wp\/v2\/media\/122"}],"wp:attachment":[{"href":"https:\/\/vietquangfarm.com\/index.php\/wp-json\/wp\/v2\/media?parent=121"}],"wp:term":[{"taxonomy":"product_brand","embeddable":true,"href":"https:\/\/vietquangfarm.com\/index.php\/wp-json\/wp\/v2\/product_brand?post=121"},{"taxonomy":"product_cat","embeddable":true,"href":"https:\/\/vietquangfarm.com\/index.php\/wp-json\/wp\/v2\/product_cat?post=121"},{"taxonomy":"product_tag","embeddable":true,"href":"https:\/\/vietquangfarm.com\/index.php\/wp-json\/wp\/v2\/product_tag?post=121"}],"curies":[{"name":"wp","href":"https:\/\/api.w.org\/{rel}","templated":true}]}}