{"id":113,"date":"2023-04-08T09:54:11","date_gmt":"2023-04-08T09:54:11","guid":{"rendered":"https:\/\/vietquangfarm.com\/?post_type=product&#038;p=113"},"modified":"2023-04-08T09:54:11","modified_gmt":"2023-04-08T09:54:11","slug":"thit-lon","status":"publish","type":"product","link":"https:\/\/vietquangfarm.com\/index.php\/product\/thit-lon\/","title":{"rendered":"Th\u1ecbt l\u1ee3n"},"content":{"rendered":"<p><b>Th\u1ecbt l\u1ee3n<\/b>\u00a0hay\u00a0<b>th\u1ecbt heo<\/b>\u00a0l\u00e0 th\u1ecbt t\u1eeb\u00a0<a title=\"L\u1ee3n nh\u00e0\" href=\"https:\/\/vi.wikipedia.org\/wiki\/L%E1%BB%A3n_nh%C3%A0\">heo<\/a>, l\u00e0 m\u1ed9t lo\u1ea1i\u00a0<a title=\"Th\u1ef1c ph\u1ea9m\" href=\"https:\/\/vi.wikipedia.org\/wiki\/Th%E1%BB%B1c_ph%E1%BA%A9m\">th\u1ef1c ph\u1ea9m<\/a>\u00a0r\u1ea5t ph\u1ed5 bi\u1ebfn tr\u00ean th\u1ebf gi\u1edbi, ti\u00eau th\u1ee5 th\u1ecbt heo c\u1ee7a\u00a0<a title=\"Ng\u01b0\u1eddi Vi\u1ec7t\" href=\"https:\/\/vi.wikipedia.org\/wiki\/Ng%C6%B0%E1%BB%9Di_Vi%E1%BB%87t\">ng\u01b0\u1eddi Vi\u1ec7t<\/a>\u00a0chi\u1ebfm t\u1edbi 73,3%, th\u1ecbt gia c\u1ea7m l\u00e0 17,5% v\u00e0 ch\u1ec9 9,2% c\u00f2n l\u1ea1i l\u00e0\u00a0<a title=\"Th\u1ecbt \u0111\u1ecf\" href=\"https:\/\/vi.wikipedia.org\/wiki\/Th%E1%BB%8Bt_%C4%91%E1%BB%8F\">th\u1ecbt c\u00e1c lo\u1ea1i<\/a>\u00a0(<a title=\"Th\u1ecbt b\u00f2\" href=\"https:\/\/vi.wikipedia.org\/wiki\/Th%E1%BB%8Bt_b%C3%B2\">th\u1ecbt b\u00f2<\/a>,\u00a0<a title=\"Th\u1ecbt tr\u00e2u\" href=\"https:\/\/vi.wikipedia.org\/wiki\/Th%E1%BB%8Bt_tr%C3%A2u\">th\u1ecbt tr\u00e2u<\/a>,\u00a0<a title=\"Th\u1ecbt d\u00ea\" href=\"https:\/\/vi.wikipedia.org\/wiki\/Th%E1%BB%8Bt_d%C3%AA\">th\u1ecbt d\u00ea<\/a>&#8230;)<sup id=\"cite_ref-1\" class=\"reference\"><a href=\"https:\/\/vi.wikipedia.org\/wiki\/Th%E1%BB%8Bt_l%E1%BB%A3n#cite_note-1\">[1]<\/a><\/sup>, \u0111i\u1ec1u n\u00e0y xu\u1ea5t ph\u00e1t t\u1eeb\u00a0<a title=\"\u1ea8m th\u1ef1c Vi\u1ec7t Nam\" href=\"https:\/\/vi.wikipedia.org\/wiki\/%E1%BA%A8m_th%E1%BB%B1c_Vi%E1%BB%87t_Nam\">truy\u1ec1n th\u1ed1ng \u1ea9m th\u1ef1c c\u1ee7a ng\u01b0\u1eddi Vi\u1ec7t<\/a>\u00a0th\u01b0\u1eddng \u0103n th\u1ecbt heo v\u00e0\u00a0<a title=\"Th\u1ecbt g\u00e0\" href=\"https:\/\/vi.wikipedia.org\/wiki\/Th%E1%BB%8Bt_g%C3%A0\">th\u1ecbt g\u00e0<\/a>\u00a0nhi\u1ec1u h\u01a1n c\u00e1c lo\u1ea1i th\u1ecbt kh\u00e1c<sup id=\"cite_ref-2\" class=\"reference\"><a href=\"https:\/\/vi.wikipedia.org\/wiki\/Th%E1%BB%8Bt_l%E1%BB%A3n#cite_note-2\">[2]<\/a><\/sup>. Ngo\u00e0i ra, c\u00f2n d\u00f9ng th\u1ecbt heo \u0111\u1ec3 ch\u1ebf bi\u1ebfn 1 s\u1ed1 m\u00f3n \u0111\u1ed9c l\u1ea1, h\u1ea5p d\u1eabn v\u00e0 c\u00f2n l\u00e0 1 m\u00f3n \u0103n \u01b0a th\u00edch c\u1ee7a 1 s\u1ed1 du kh\u00e1ch n\u01b0\u1edbc ngo\u00e0i. Th\u1ecbt heo r\u1ebb m\u00e0 ngon,th\u01a1m c\u1ee7a th\u1ecbt lu\u1ed9c, b\u00f9i, \u0111\u1eadm c\u1ee7a th\u1ecbt kho, th\u1ecbt heo c\u00f2n d\u00f9ng \u0111\u1ec3 c\u00fang trong c\u00e1c d\u1ecbp l\u1ec5( heo quay). Heo quay l\u00e0 l\u1ec5 v\u1eadt c\u00fang t\u01b0\u1ee3ng tr\u01b0ng cho s\u1ef1 c\u0103ng tr\u00f2n, th\u1ecbnh v\u01b0\u1ee3ng v\u00e0 \u1ea5m no v\u00ec th\u1ebf trong c\u00e1c bu\u1ed5i c\u00fang l\u1edbn, nh\u1eefng d\u1ecbp khai tr\u01b0\u01a1ng, l\u1ec5 t\u1ebft.. h\u1ecd th\u01b0\u1eddng ch\u1ecdn th\u1ecbt heo quay.<\/p>\n","protected":false},"excerpt":{"rendered":"<p>Th\u1ecbt l\u1ee3n \u0111\u01b0\u1ee3c nu\u00f4i theo ti\u00eau chu\u1ea9n Vietgap n\u00ean r\u1ea5t an to\u00e0n v\u00e0 ch\u1ea5t l\u01b0\u1ee3ng&#8230;<\/p>\n","protected":false},"featured_media":114,"comment_status":"open","ping_status":"closed","template":"","meta":[],"product_brand":[],"product_cat":[26],"product_tag":[28,29],"class_list":{"0":"post-113","1":"product","2":"type-product","3":"status-publish","4":"has-post-thumbnail","6":"product_cat-thit","7":"product_tag-thit","8":"product_tag-thit-lon","10":"first","11":"instock","12":"shipping-taxable","13":"product-type-simple"},"_links":{"self":[{"href":"https:\/\/vietquangfarm.com\/index.php\/wp-json\/wp\/v2\/product\/113","targetHints":{"allow":["GET"]}}],"collection":[{"href":"https:\/\/vietquangfarm.com\/index.php\/wp-json\/wp\/v2\/product"}],"about":[{"href":"https:\/\/vietquangfarm.com\/index.php\/wp-json\/wp\/v2\/types\/product"}],"replies":[{"embeddable":true,"href":"https:\/\/vietquangfarm.com\/index.php\/wp-json\/wp\/v2\/comments?post=113"}],"wp:featuredmedia":[{"embeddable":true,"href":"https:\/\/vietquangfarm.com\/index.php\/wp-json\/wp\/v2\/media\/114"}],"wp:attachment":[{"href":"https:\/\/vietquangfarm.com\/index.php\/wp-json\/wp\/v2\/media?parent=113"}],"wp:term":[{"taxonomy":"product_brand","embeddable":true,"href":"https:\/\/vietquangfarm.com\/index.php\/wp-json\/wp\/v2\/product_brand?post=113"},{"taxonomy":"product_cat","embeddable":true,"href":"https:\/\/vietquangfarm.com\/index.php\/wp-json\/wp\/v2\/product_cat?post=113"},{"taxonomy":"product_tag","embeddable":true,"href":"https:\/\/vietquangfarm.com\/index.php\/wp-json\/wp\/v2\/product_tag?post=113"}],"curies":[{"name":"wp","href":"https:\/\/api.w.org\/{rel}","templated":true}]}}