{"id":105,"date":"2023-04-08T09:40:52","date_gmt":"2023-04-08T09:40:52","guid":{"rendered":"https:\/\/vietquangfarm.com\/?post_type=product&#038;p=105"},"modified":"2025-10-15T01:10:40","modified_gmt":"2025-10-14T18:10:40","slug":"rau-su-su","status":"publish","type":"product","link":"https:\/\/vietquangfarm.com\/index.php\/product\/rau-su-su\/","title":{"rendered":"Rau su su"},"content":{"rendered":"<p><b>Su su<\/b>\u00a0hay\u00a0<b>su le<\/b>\u00a0trong ph\u01b0\u01a1ng ng\u1eef mi\u1ec1n Trung Vi\u1ec7t Nam (<a title=\"Danh ph\u00e1p hai ph\u1ea7n\" href=\"https:\/\/vi.wikipedia.org\/wiki\/Danh_ph%C3%A1p_hai_ph%E1%BA%A7n\">danh ph\u00e1p hai ph\u1ea7n<\/a>:\u00a0<i><b>Sechium edule<\/b><\/i>) l\u00e0 m\u1ed9t lo\u1ea1i c\u00e2y l\u1ea5y qu\u1ea3 \u0103n, thu\u1ed9c\u00a0<a title=\"H\u1ecd B\u1ea7u b\u00ed\" href=\"https:\/\/vi.wikipedia.org\/wiki\/H%E1%BB%8D_B%E1%BA%A7u_b%C3%AD\">h\u1ecd B\u1ea7u b\u00ed<\/a>, c\u00f9ng v\u1edbi\u00a0<a title=\"D\u01b0a h\u1ea5u\" href=\"https:\/\/vi.wikipedia.org\/wiki\/D%C6%B0a_h%E1%BA%A5u\">d\u01b0a h\u1ea5u<\/a>,\u00a0<a title=\"D\u01b0a chu\u1ed9t\" href=\"https:\/\/vi.wikipedia.org\/wiki\/D%C6%B0a_chu%E1%BB%99t\">d\u01b0a chu\u1ed9t<\/a>\u00a0v\u00e0\u00a0<a title=\"H\u1ecd B\u1ea7u b\u00ed\" href=\"https:\/\/vi.wikipedia.org\/wiki\/H%E1%BB%8D_B%E1%BA%A7u_b%C3%AD\">b\u00ed<\/a>. C\u00e2y n\u00e0y c\u00f3 l\u00e1 r\u1ed9ng, th\u00e2n\u00a0<a title=\"C\u00e2y d\u00e2y leo\" href=\"https:\/\/vi.wikipedia.org\/wiki\/C%C3%A2y_d%C3%A2y_leo\">c\u00e2y d\u00e2y leo<\/a>\u00a0tr\u00ean m\u1eb7t \u0111\u1ea5t ho\u1eb7c tr\u00ean gi\u00e0n. \u1ede Vi\u1ec7t Nam, su su \u0111\u01b0\u1ee3c tr\u1ed3ng \u0111\u1ec3 v\u1eeba l\u1ea5y qu\u1ea3 v\u00e0 v\u1eeba l\u1ea5y ng\u1ecdn trong ch\u1ebf bi\u1ebfn c\u00e1c m\u00f3n \u0103n. V\u00ed d\u1ee5: c\u1ee7 su su x\u00e0o\u00a0<a title=\"T\u1ecfi\" href=\"https:\/\/vi.wikipedia.org\/wiki\/T%E1%BB%8Fi\">t\u1ecfi<\/a>, ng\u1ecdn su su l\u00e0m\u00a0<a title=\"L\u1ea9u\" href=\"https:\/\/vi.wikipedia.org\/wiki\/L%E1%BA%A9u\">l\u1ea9u<\/a>. \u1ede Mi\u1ec1n B\u1eafc, su su \u0111\u01b0\u1ee3c tr\u1ed3ng r\u1ea5t nhi\u1ec1u th\u00e0nh h\u1ec7 th\u1ed1ng gi\u00e0n men theo s\u01b0\u1eddn n\u00fai, d\u1ecdc theo con \u0111\u01b0\u1eddng t\u1eeb th\u1ecb tr\u1ea5n Sa Pa l\u00ean \u0111\u1ebfn th\u00e1c B\u1ea1c.<\/p>\n","protected":false},"excerpt":{"rendered":"<p>Rau \u0103n r\u1ea5t ngon..<\/p>\n","protected":false},"featured_media":106,"comment_status":"open","ping_status":"closed","template":"","meta":[],"product_brand":[],"product_cat":[21],"product_tag":[],"class_list":{"0":"post-105","1":"product","2":"type-product","3":"status-publish","4":"has-post-thumbnail","6":"product_cat-rau","8":"first","9":"instock","10":"shipping-taxable","11":"product-type-simple"},"_links":{"self":[{"href":"https:\/\/vietquangfarm.com\/index.php\/wp-json\/wp\/v2\/product\/105","targetHints":{"allow":["GET"]}}],"collection":[{"href":"https:\/\/vietquangfarm.com\/index.php\/wp-json\/wp\/v2\/product"}],"about":[{"href":"https:\/\/vietquangfarm.com\/index.php\/wp-json\/wp\/v2\/types\/product"}],"replies":[{"embeddable":true,"href":"https:\/\/vietquangfarm.com\/index.php\/wp-json\/wp\/v2\/comments?post=105"}],"wp:featuredmedia":[{"embeddable":true,"href":"https:\/\/vietquangfarm.com\/index.php\/wp-json\/wp\/v2\/media\/106"}],"wp:attachment":[{"href":"https:\/\/vietquangfarm.com\/index.php\/wp-json\/wp\/v2\/media?parent=105"}],"wp:term":[{"taxonomy":"product_brand","embeddable":true,"href":"https:\/\/vietquangfarm.com\/index.php\/wp-json\/wp\/v2\/product_brand?post=105"},{"taxonomy":"product_cat","embeddable":true,"href":"https:\/\/vietquangfarm.com\/index.php\/wp-json\/wp\/v2\/product_cat?post=105"},{"taxonomy":"product_tag","embeddable":true,"href":"https:\/\/vietquangfarm.com\/index.php\/wp-json\/wp\/v2\/product_tag?post=105"}],"curies":[{"name":"wp","href":"https:\/\/api.w.org\/{rel}","templated":true}]}}