{"id":101,"date":"2023-04-08T09:34:05","date_gmt":"2023-04-08T09:34:05","guid":{"rendered":"https:\/\/vietquangfarm.com\/?post_type=product&#038;p=101"},"modified":"2023-04-08T09:34:05","modified_gmt":"2023-04-08T09:34:05","slug":"rau-su-hao","status":"publish","type":"product","link":"https:\/\/vietquangfarm.com\/index.php\/product\/rau-su-hao\/","title":{"rendered":"Rau su h\u00e0o"},"content":{"rendered":"<p><b>Su h\u00e0o<\/b>\u00a0(t\u1eeb\u00a0<a title=\"Ti\u1ebfng Ph\u00e1p\" href=\"https:\/\/vi.wikipedia.org\/wiki\/Ti%E1%BA%BFng_Ph%C3%A1p\">ti\u1ebfng Ph\u00e1p<\/a>:\u00a0<i>chou-rave<\/i>,\u00a0<a title=\"Danh ph\u00e1p hai ph\u1ea7n\" href=\"https:\/\/vi.wikipedia.org\/wiki\/Danh_ph%C3%A1p_hai_ph%E1%BA%A7n\">danh ph\u00e1p hai ph\u1ea7n<\/a>:\u00a0<i><a title=\"C\u1ea3i b\u1eafp d\u1ea1i\" href=\"https:\/\/vi.wikipedia.org\/wiki\/C%E1%BA%A3i_b%E1%BA%AFp_d%E1%BA%A1i\">Brassica oleracea<\/a><\/i>\u00a0nh\u00f3m Gongylodes) l\u00e0 m\u1ed9t gi\u1ed1ng c\u00e2y tr\u1ed3ng th\u00e2n th\u1ea5p v\u00e0 m\u1eadp c\u1ee7a\u00a0<a title=\"C\u1ea3i b\u1eafp d\u1ea1i\" href=\"https:\/\/vi.wikipedia.org\/wiki\/C%E1%BA%A3i_b%E1%BA%AFp_d%E1%BA%A1i\">c\u1ea3i b\u1eafp d\u1ea1i<\/a>, \u0111\u01b0\u1ee3c ch\u1ecdn l\u1ef1a v\u00ec th\u00e2n m\u1eadp, g\u1ea7n nh\u01b0 c\u00f3 d\u1ea1ng h\u00ecnh c\u1ea7u, ch\u1ee9a nhi\u1ec1u n\u01b0\u1edbc c\u1ee7a n\u00f3. Su h\u00e0o \u0111\u01b0\u1ee3c t\u1ea1o ra t\u1eeb qu\u00e1 tr\u00ecnh\u00a0<a class=\"mw-redirect\" title=\"Ch\u1ecdn l\u1ecdc nh\u00e2n t\u1ea1o\" href=\"https:\/\/vi.wikipedia.org\/wiki\/Ch%E1%BB%8Dn_l%E1%BB%8Dc_nh%C3%A2n_t%E1%BA%A1o\">ch\u1ecdn l\u1ecdc nh\u00e2n t\u1ea1o<\/a>\u00a0\u0111\u1ec3 l\u1ea5y ph\u1ea7n t\u0103ng tr\u01b0\u1edfng c\u1ee7a\u00a0<a title=\"M\u00f4 ph\u00e2n sinh\" href=\"https:\/\/vi.wikipedia.org\/wiki\/M%C3%B4_ph%C3%A2n_sinh\">m\u00f4 ph\u00e2n sinh<\/a>\u00a0\u1edf th\u00e2n, m\u00e0 trong \u0111\u1eddi th\u01b0\u1eddng \u0111\u01b0\u1ee3c g\u1ecdi l\u00e0 c\u1ee7. Ngu\u1ed3n g\u1ed1c t\u1ef1 nhi\u00ean c\u1ee7a n\u00f3 l\u00e0\u00a0<a title=\"C\u1ea3i b\u1eafp d\u1ea1i\" href=\"https:\/\/vi.wikipedia.org\/wiki\/C%E1%BA%A3i_b%E1%BA%AFp_d%E1%BA%A1i\">c\u1ea3i b\u1eafp d\u1ea1i<\/a>.<\/p>\n<p>M\u00f9i v\u1ecb v\u00e0 k\u1ebft c\u1ea5u c\u1ee7a su h\u00e0o l\u00e0 t\u01b0\u01a1ng t\u1ef1 nh\u01b0 c\u1ee7a th\u00e2n\u00a0<a class=\"mw-redirect\" title=\"C\u1ea3i b\u00f4ng xanh\" href=\"https:\/\/vi.wikipedia.org\/wiki\/C%E1%BA%A3i_b%C3%B4ng_xanh\">c\u1ea3i b\u00f4ng xanh<\/a>\u00a0hay ph\u1ea7n l\u00f5i c\u1ee7a\u00a0<a title=\"C\u1ea3i b\u1eafp\" href=\"https:\/\/vi.wikipedia.org\/wiki\/C%E1%BA%A3i_b%E1%BA%AFp\">c\u1ea3i b\u1eafp<\/a>\u00a0(c\u1ea3 hai lo\u1ea1i n\u00e0y l\u00e0 c\u00f9ng lo\u00e0i v\u1edbi su h\u00e0o, nh\u01b0ng kh\u00e1c nh\u00f3m gi\u1ed1ng c\u00e2y tr\u1ed3ng), nh\u01b0ng nh\u1eb9 h\u01a1n v\u00e0 ng\u1ecdt h\u01a1n, v\u1edbi t\u1ef7 l\u1ec7 ph\u1ea7n c\u00f9i th\u1ecbt\/v\u1ecf cao h\u01a1n. Ngo\u1ea1i tr\u1eeb nh\u00f3m gi\u1ed1ng Gigante, th\u00ec c\u00e1c gi\u1ed1ng su h\u00e0o tr\u1ed3ng v\u00e0o m\u00f9a xu\u00e2n \u00edt khi c\u00f3 k\u00edch th\u01b0\u1edbc tr\u00ean 5\u00a0cm, do ch\u00fang c\u00f3 xu h\u01b0\u1edbng b\u1ecb x\u01a1 h\u00f3a, trong khi \u0111\u00f3 c\u00e1c gi\u1ed1ng tr\u1ed3ng v\u00e0o m\u00f9a thu l\u1ea1i c\u00f3 th\u1ec3 c\u00f3 k\u00edch th\u01b0\u1edbc tr\u00ean 10\u00a0cm; gi\u1ed1ng Gigante c\u00f3 th\u1ec3 c\u00f3 k\u00edch th\u01b0\u1edbc l\u1edbn h\u01a1n m\u00e0 v\u1eabn gi\u1eef \u0111\u01b0\u1ee3c ch\u1ea5t l\u01b0\u1ee3ng t\u1ed1t \u0111\u1ec3 \u0103n.<\/p>\n","protected":false},"excerpt":{"rendered":"<p>Su h\u00e0o c\u00f3 th\u1ec3 \u0103n s\u1ed1ng c\u0169ng nh\u01b0 \u0111\u01b0\u1ee3c \u0111em lu\u1ed9c, n\u1ea5u. Su h\u00e0o ch\u1ee9a nhi\u1ec1u ch\u1ea5t x\u01a1 t\u1ed1t cho h\u1ec7 ti\u00eau h\u00f3a c\u0169ng nh\u01b0 ch\u1ee9a c\u00e1c ch\u1ea5t nh\u01b0\u00a0<a class=\"mw-redirect\" title=\"Selen\" href=\"https:\/\/vi.wikipedia.org\/wiki\/Selen\">selen<\/a>,\u00a0<a class=\"mw-redirect\" title=\"Axit folic\" href=\"https:\/\/vi.wikipedia.org\/wiki\/Axit_folic\">ax\u00edt folic<\/a>,\u00a0<a title=\"Vitamin C\" href=\"https:\/\/vi.wikipedia.org\/wiki\/Vitamin_C\">vitamin C<\/a>,\u00a0<a title=\"Kali\" href=\"https:\/\/vi.wikipedia.org\/wiki\/Kali\">kali<\/a>,\u00a0<a class=\"mw-redirect\" title=\"Magi\u00ea\" href=\"https:\/\/vi.wikipedia.org\/wiki\/Magi%C3%AA\">magi\u00ea<\/a>\u00a0v\u00e0\u00a0<a title=\"\u0110\u1ed3ng\" href=\"https:\/\/vi.wikipedia.org\/wiki\/%C4%90%E1%BB%93ng\">\u0111\u1ed3ng<\/a>.<\/p>\n","protected":false},"featured_media":102,"comment_status":"open","ping_status":"closed","template":"","meta":[],"product_brand":[],"product_cat":[21],"product_tag":[22,24],"class_list":{"0":"post-101","1":"product","2":"type-product","3":"status-publish","4":"has-post-thumbnail","6":"product_cat-rau","7":"product_tag-rau","8":"product_tag-su-hao","10":"first","11":"instock","12":"shipping-taxable","13":"product-type-simple"},"_links":{"self":[{"href":"https:\/\/vietquangfarm.com\/index.php\/wp-json\/wp\/v2\/product\/101","targetHints":{"allow":["GET"]}}],"collection":[{"href":"https:\/\/vietquangfarm.com\/index.php\/wp-json\/wp\/v2\/product"}],"about":[{"href":"https:\/\/vietquangfarm.com\/index.php\/wp-json\/wp\/v2\/types\/product"}],"replies":[{"embeddable":true,"href":"https:\/\/vietquangfarm.com\/index.php\/wp-json\/wp\/v2\/comments?post=101"}],"wp:featuredmedia":[{"embeddable":true,"href":"https:\/\/vietquangfarm.com\/index.php\/wp-json\/wp\/v2\/media\/102"}],"wp:attachment":[{"href":"https:\/\/vietquangfarm.com\/index.php\/wp-json\/wp\/v2\/media?parent=101"}],"wp:term":[{"taxonomy":"product_brand","embeddable":true,"href":"https:\/\/vietquangfarm.com\/index.php\/wp-json\/wp\/v2\/product_brand?post=101"},{"taxonomy":"product_cat","embeddable":true,"href":"https:\/\/vietquangfarm.com\/index.php\/wp-json\/wp\/v2\/product_cat?post=101"},{"taxonomy":"product_tag","embeddable":true,"href":"https:\/\/vietquangfarm.com\/index.php\/wp-json\/wp\/v2\/product_tag?post=101"}],"curies":[{"name":"wp","href":"https:\/\/api.w.org\/{rel}","templated":true}]}}