{"id":67,"date":"2023-04-06T10:33:19","date_gmt":"2023-04-06T10:33:19","guid":{"rendered":"https:\/\/vietquangfarm.com\/?page_id=67"},"modified":"2023-04-08T11:17:25","modified_gmt":"2023-04-08T11:17:25","slug":"chinh-sach-hoat-dong","status":"publish","type":"page","link":"https:\/\/vietquangfarm.com\/index.php\/chinh-sach-hoat-dong\/","title":{"rendered":"Ch\u00ednh s\u00e1ch ho\u1ea1t \u0111\u1ed9ng"},"content":{"rendered":"\t\t<div data-elementor-type=\"wp-page\" data-elementor-id=\"67\" class=\"elementor elementor-67\">\n\t\t\t\t\t\t<section class=\"elementor-section elementor-top-section elementor-element elementor-element-1ce9e32 elementor-section-boxed elementor-section-height-default elementor-section-height-default\" data-id=\"1ce9e32\" data-element_type=\"section\">\n\t\t\t\t\t\t<div class=\"elementor-container elementor-column-gap-default\">\n\t\t\t\t\t<div class=\"elementor-column elementor-col-100 elementor-top-column elementor-element elementor-element-9120b14\" data-id=\"9120b14\" data-element_type=\"column\">\n\t\t\t<div class=\"elementor-widget-wrap elementor-element-populated\">\n\t\t\t\t\t\t<div class=\"elementor-element elementor-element-56df8b9 elementor-widget elementor-widget-heading\" data-id=\"56df8b9\" data-element_type=\"widget\" data-widget_type=\"heading.default\">\n\t\t\t\t<div class=\"elementor-widget-container\">\n\t\t\t\t\t<h2 class=\"elementor-heading-title elementor-size-default\">Ch\u00ednh s\u00e1ch ho\u1ea1t \u0111\u1ed9ng<\/h2>\t\t\t\t<\/div>\n\t\t\t\t<\/div>\n\t\t\t\t\t<\/div>\n\t\t<\/div>\n\t\t\t\t\t<\/div>\n\t\t<\/section>\n\t\t\t\t<section class=\"elementor-section elementor-top-section elementor-element elementor-element-48b768f elementor-section-stretched elementor-section-boxed elementor-section-height-default elementor-section-height-default\" data-id=\"48b768f\" data-element_type=\"section\" data-settings=\"{&quot;stretch_section&quot;:&quot;section-stretched&quot;,&quot;background_background&quot;:&quot;classic&quot;}\">\n\t\t\t\t\t\t\t<div class=\"elementor-background-overlay\"><\/div>\n\t\t\t\t\t\t\t<div class=\"elementor-container elementor-column-gap-default\">\n\t\t\t\t\t<div class=\"elementor-column elementor-col-50 elementor-top-column elementor-element elementor-element-ff65073\" data-id=\"ff65073\" data-element_type=\"column\">\n\t\t\t<div class=\"elementor-widget-wrap elementor-element-populated\">\n\t\t\t\t\t\t<div class=\"elementor-element elementor-element-a51d6a5 elementor-invisible elementor-widget elementor-widget-heading\" data-id=\"a51d6a5\" data-element_type=\"widget\" data-settings=\"{&quot;_animation&quot;:&quot;fadeInLeft&quot;}\" data-widget_type=\"heading.default\">\n\t\t\t\t<div class=\"elementor-widget-container\">\n\t\t\t\t\t<h3 class=\"elementor-heading-title elementor-size-default\">Ch\u1ea5t l\u01b0\u1ee3ng<\/h3>\t\t\t\t<\/div>\n\t\t\t\t<\/div>\n\t\t\t\t<div class=\"elementor-element elementor-element-d1336da elementor-invisible elementor-widget elementor-widget-text-editor\" data-id=\"d1336da\" data-element_type=\"widget\" data-settings=\"{&quot;_animation&quot;:&quot;fadeInRight&quot;}\" data-widget_type=\"text-editor.default\">\n\t\t\t\t<div class=\"elementor-widget-container\">\n\t\t\t\t\t\t\t\t\t<p>Th\u1ef1c ph\u1ea9m t\u01b0\u01a1i s\u1ed1ng, h\u01b0\u01a1ng v\u1ecb \u0111\u00e1p \u1ee9ng c\u1ea3 ba mi\u1ec1n B\u1eafc &#8211; Trung &#8211; Nam, \u0111\u1ea7y \u0111\u1ee7 ch\u1ea5t dinh d\u01b0\u1ee1ng v\u00e0 Vitamin. Thay \u0111\u1ed5i th\u01b0\u1eddng xuy\u00ean v\u00e0 theo \u0111\u1ecbnh k\u1ef3 h\u00e0ng tu\u1ea7n, h\u00e0ng th\u00e1ng \u0111\u1ec3 mang l\u1ea1i b\u1eefa \u0103n ngon mi\u1ec7ng, \u0111\u1ea7y \u0111\u1ee7 dinh d\u01b0\u1ee1ng.<\/p>\t\t\t\t\t\t\t\t<\/div>\n\t\t\t\t<\/div>\n\t\t\t\t\t<\/div>\n\t\t<\/div>\n\t\t\t\t<div class=\"elementor-column elementor-col-50 elementor-top-column elementor-element elementor-element-6bad4d5\" data-id=\"6bad4d5\" data-element_type=\"column\">\n\t\t\t<div class=\"elementor-widget-wrap elementor-element-populated\">\n\t\t\t\t\t\t<div class=\"elementor-element elementor-element-e3db356 elementor-invisible elementor-widget elementor-widget-heading\" data-id=\"e3db356\" data-element_type=\"widget\" data-settings=\"{&quot;_animation&quot;:&quot;fadeInRight&quot;}\" data-widget_type=\"heading.default\">\n\t\t\t\t<div class=\"elementor-widget-container\">\n\t\t\t\t\t<h3 class=\"elementor-heading-title elementor-size-default\">S\u00e1ng t\u1ea1o<\/h3>\t\t\t\t<\/div>\n\t\t\t\t<\/div>\n\t\t\t\t<div class=\"elementor-element elementor-element-f74d924 elementor-invisible elementor-widget elementor-widget-text-editor\" data-id=\"f74d924\" data-element_type=\"widget\" data-settings=\"{&quot;_animation&quot;:&quot;fadeInLeft&quot;}\" data-widget_type=\"text-editor.default\">\n\t\t\t\t<div class=\"elementor-widget-container\">\n\t\t\t\t\t\t\t\t\t<p>Nh\u1eadn th\u1ea5y ch\u1ea5t l\u01b0\u1ee3ng v\u00e0 uy t\u00edn l\u00e0 y\u1ebfu t\u1ed1 quy\u1ebft \u0111\u1ecbnh s\u1ef1 th\u00f5a m\u00e3n c\u1ee7a kh\u00e1ch h\u00e0ng l\u00e0 ch\u00eca kh\u00f3a c\u1ee7a th\u00e0nh c\u00f4ng. Ch\u00fang t\u00f4i xem vi\u1ec7c \u0111\u1ea3m b\u1ea3o ch\u1ea5t l\u01b0\u1ee3ng l\u00e0 m\u1ee5c ti\u00eau chi\u1ebfn l\u01b0\u1ee3c trong s\u1ef1 nghi\u1ec7p ph\u00e1t tri\u1ec3n c\u1ee7a m\u00ecnh.<\/p>\t\t\t\t\t\t\t\t<\/div>\n\t\t\t\t<\/div>\n\t\t\t\t\t<\/div>\n\t\t<\/div>\n\t\t\t\t\t<\/div>\n\t\t<\/section>\n\t\t\t\t<section class=\"elementor-section elementor-top-section elementor-element elementor-element-2474461 elementor-section-stretched elementor-section-boxed elementor-section-height-default elementor-section-height-default\" data-id=\"2474461\" data-element_type=\"section\" data-settings=\"{&quot;stretch_section&quot;:&quot;section-stretched&quot;,&quot;background_background&quot;:&quot;classic&quot;}\">\n\t\t\t\t\t\t\t<div class=\"elementor-background-overlay\"><\/div>\n\t\t\t\t\t\t\t<div class=\"elementor-container elementor-column-gap-default\">\n\t\t\t\t\t<div class=\"elementor-column elementor-col-50 elementor-top-column elementor-element elementor-element-666f994\" data-id=\"666f994\" data-element_type=\"column\">\n\t\t\t<div class=\"elementor-widget-wrap elementor-element-populated\">\n\t\t\t\t\t\t<div class=\"elementor-element elementor-element-18f34e8 elementor-invisible elementor-widget elementor-widget-heading\" data-id=\"18f34e8\" data-element_type=\"widget\" data-settings=\"{&quot;_animation&quot;:&quot;fadeInLeft&quot;}\" data-widget_type=\"heading.default\">\n\t\t\t\t<div class=\"elementor-widget-container\">\n\t\t\t\t\t<h3 class=\"elementor-heading-title elementor-size-default\">Chuy\u00ean nghi\u1ec7p<\/h3>\t\t\t\t<\/div>\n\t\t\t\t<\/div>\n\t\t\t\t<div class=\"elementor-element elementor-element-02fa3c2 elementor-invisible elementor-widget elementor-widget-text-editor\" data-id=\"02fa3c2\" data-element_type=\"widget\" data-settings=\"{&quot;_animation&quot;:&quot;fadeInRight&quot;}\" data-widget_type=\"text-editor.default\">\n\t\t\t\t<div class=\"elementor-widget-container\">\n\t\t\t\t\t\t\t\t\t<p>\u0110\u1ed9i ng\u0169 \u0111\u1ea7u b\u1ebfp \u0111\u01b0\u1ee3c \u0111\u00e0o t\u1ea1o b\u00e0i b\u1ea3n t\u1eeb tr\u01b0\u1eddng \u0111\u00e0o t\u1ea1o nghi\u1ec7p v\u1ee5 du l\u1ecbch s\u00e0i g\u00f2n. Nh\u00e2n vi\u00ean \u0111\u01b0\u01a1c t\u1eadp hu\u1ea5n \u0111\u1ec3 lu\u00f4n lu\u00f4n l\u1eafng nghe, ti\u1ebfp thu \u00fd ki\u1ebfn c\u1ee7a kh\u00e1ch h\u00e0ng, ph\u1ee5c v\u1ee5 b\u1eb1ng l\u01b0\u01a1ng t\u00e2m v\u00e0 tr\u00e1ch nhi\u1ec7m.<\/p>\t\t\t\t\t\t\t\t<\/div>\n\t\t\t\t<\/div>\n\t\t\t\t\t<\/div>\n\t\t<\/div>\n\t\t\t\t<div class=\"elementor-column elementor-col-50 elementor-top-column elementor-element elementor-element-305c05b\" data-id=\"305c05b\" data-element_type=\"column\">\n\t\t\t<div class=\"elementor-widget-wrap elementor-element-populated\">\n\t\t\t\t\t\t<div class=\"elementor-element elementor-element-32b28d3 elementor-invisible elementor-widget elementor-widget-heading\" data-id=\"32b28d3\" data-element_type=\"widget\" data-settings=\"{&quot;_animation&quot;:&quot;fadeInRight&quot;}\" data-widget_type=\"heading.default\">\n\t\t\t\t<div class=\"elementor-widget-container\">\n\t\t\t\t\t<h3 class=\"elementor-heading-title elementor-size-default\">An to\u00e0n<\/h3>\t\t\t\t<\/div>\n\t\t\t\t<\/div>\n\t\t\t\t<div class=\"elementor-element elementor-element-81b3089 elementor-invisible elementor-widget elementor-widget-text-editor\" data-id=\"81b3089\" data-element_type=\"widget\" data-settings=\"{&quot;_animation&quot;:&quot;fadeInLeft&quot;}\" data-widget_type=\"text-editor.default\">\n\t\t\t\t<div class=\"elementor-widget-container\">\n\t\t\t\t\t\t\t\t\t<p>M\u1ed7i nh\u00e2n vi\u00ean v\u00e0o c\u00f4ng ty l\u00e0m vi\u1ec7c \u0111\u1ec1u \u0111\u01b0\u1ee3c kh\u00e1m s\u1ee9c kh\u1ecfe th\u1ebb xanh v\u00e0 tr\u1ea3i qua kh\u00f3a hu\u1ea5n luy\u1ec7n VSATTP, \u0111\u1ecbnh k\u1ef3 6 th\u00e1ng \u0111\u01b0\u1ee3c<br \/>kh\u00e1m s\u1ee9c kh\u1ecfe 1 l\u1ea7n, v\u00e0 t\u1eadp hu\u1ea5n VSATTP 1 n\u0103m 1 l\u1ea7n, hu\u1ea5n luy\u1ec7n th\u01b0\u1eddng quy v\u1ec1 quy tr\u00ecnh l\u00e0m vi\u1ec7c, t\u00e1c phong ph\u1ee5c v\u1ee5 kh\u00e1ch h\u00e0ng \u0111\u1ec3 h\u1ea1n ch\u1ebf nh\u1eefng r\u1ee7i ro v\u1ec1 s\u1ee9c kh\u1ecfe cho kh\u00e1ch h\u00e0ng v\u00e0 n\u00e2ng cao ch\u1ea5t l\u01b0\u1ee3ng d\u1ecbch v\u1ee5.<\/p>\t\t\t\t\t\t\t\t<\/div>\n\t\t\t\t<\/div>\n\t\t\t\t\t<\/div>\n\t\t<\/div>\n\t\t\t\t\t<\/div>\n\t\t<\/section>\n\t\t\t\t<\/div>\n\t\t","protected":false},"excerpt":{"rendered":"<p>Ch\u00ednh s\u00e1ch ho\u1ea1t \u0111\u1ed9ng Ch\u1ea5t l\u01b0\u1ee3ng Th\u1ef1c ph\u1ea9m t\u01b0\u01a1i s\u1ed1ng, h\u01b0\u01a1ng v\u1ecb \u0111\u00e1p \u1ee9ng c\u1ea3 ba mi\u1ec1n B\u1eafc &#8211; Trung &#8211; Nam, \u0111\u1ea7y \u0111\u1ee7 ch\u1ea5t dinh d\u01b0\u1ee1ng v\u00e0 Vitamin. Thay \u0111\u1ed5i th\u01b0\u1eddng xuy\u00ean v\u00e0 theo \u0111\u1ecbnh k\u1ef3 h\u00e0ng tu\u1ea7n, h\u00e0ng th\u00e1ng \u0111\u1ec3 mang l\u1ea1i b\u1eefa \u0103n ngon mi\u1ec7ng, \u0111\u1ea7y \u0111\u1ee7 dinh d\u01b0\u1ee1ng. S\u00e1ng t\u1ea1o Nh\u1eadn &#8230; <a title=\"Ch\u00ednh s\u00e1ch ho\u1ea1t \u0111\u1ed9ng\" class=\"read-more\" href=\"https:\/\/vietquangfarm.com\/index.php\/chinh-sach-hoat-dong\/\" aria-label=\"\u0110\u1ecdc th\u00eam v\u1ec1 Ch\u00ednh s\u00e1ch ho\u1ea1t \u0111\u1ed9ng\">\u0110\u1ecdc ti\u1ebfp<\/a><\/p>\n","protected":false},"author":1,"featured_media":0,"parent":0,"menu_order":0,"comment_status":"closed","ping_status":"closed","template":"elementor_header_footer","meta":{"footnotes":""},"class_list":["post-67","page","type-page","status-publish"],"_links":{"self":[{"href":"https:\/\/vietquangfarm.com\/index.php\/wp-json\/wp\/v2\/pages\/67","targetHints":{"allow":["GET"]}}],"collection":[{"href":"https:\/\/vietquangfarm.com\/index.php\/wp-json\/wp\/v2\/pages"}],"about":[{"href":"https:\/\/vietquangfarm.com\/index.php\/wp-json\/wp\/v2\/types\/page"}],"author":[{"embeddable":true,"href":"https:\/\/vietquangfarm.com\/index.php\/wp-json\/wp\/v2\/users\/1"}],"replies":[{"embeddable":true,"href":"https:\/\/vietquangfarm.com\/index.php\/wp-json\/wp\/v2\/comments?post=67"}],"version-history":[{"count":16,"href":"https:\/\/vietquangfarm.com\/index.php\/wp-json\/wp\/v2\/pages\/67\/revisions"}],"predecessor-version":[{"id":152,"href":"https:\/\/vietquangfarm.com\/index.php\/wp-json\/wp\/v2\/pages\/67\/revisions\/152"}],"wp:attachment":[{"href":"https:\/\/vietquangfarm.com\/index.php\/wp-json\/wp\/v2\/media?parent=67"}],"curies":[{"name":"wp","href":"https:\/\/api.w.org\/{rel}","templated":true}]}}