{"id":66,"date":"2023-04-06T10:33:18","date_gmt":"2023-04-06T10:33:18","guid":{"rendered":"https:\/\/vietquangfarm.com\/?page_id=66"},"modified":"2023-04-08T11:23:06","modified_gmt":"2023-04-08T11:23:06","slug":"tam-nhin-su-menh-gia-tri","status":"publish","type":"page","link":"https:\/\/vietquangfarm.com\/index.php\/tam-nhin-su-menh-gia-tri\/","title":{"rendered":"T\u1ea7m nh\u00ecn &#8211; S\u1ee9 m\u1ec7nh &#8211; Gi\u00e1 tr\u1ecb"},"content":{"rendered":"\t\t<div data-elementor-type=\"wp-page\" data-elementor-id=\"66\" class=\"elementor elementor-66\">\n\t\t\t\t\t\t<section class=\"elementor-section elementor-top-section elementor-element elementor-element-0e9bedd elementor-section-boxed elementor-section-height-default elementor-section-height-default\" data-id=\"0e9bedd\" data-element_type=\"section\">\n\t\t\t\t\t\t<div class=\"elementor-container elementor-column-gap-default\">\n\t\t\t\t\t<div class=\"elementor-column elementor-col-100 elementor-top-column elementor-element elementor-element-e10a8b9\" data-id=\"e10a8b9\" data-element_type=\"column\">\n\t\t\t<div class=\"elementor-widget-wrap elementor-element-populated\">\n\t\t\t\t\t\t<div class=\"elementor-element elementor-element-3c5d049 elementor-widget elementor-widget-heading\" data-id=\"3c5d049\" data-element_type=\"widget\" data-widget_type=\"heading.default\">\n\t\t\t\t<div class=\"elementor-widget-container\">\n\t\t\t\t\t<h2 class=\"elementor-heading-title elementor-size-default\">T\u1ea7m nh\u00ecn - S\u1ee9 m\u1ec7nh - Gi\u00e1 tr\u1ecb c\u1ed1t l\u00f5i<\/h2>\t\t\t\t<\/div>\n\t\t\t\t<\/div>\n\t\t\t\t\t<\/div>\n\t\t<\/div>\n\t\t\t\t\t<\/div>\n\t\t<\/section>\n\t\t\t\t<section class=\"elementor-section elementor-top-section elementor-element elementor-element-3670398 elementor-section-boxed elementor-section-height-default elementor-section-height-default\" data-id=\"3670398\" data-element_type=\"section\">\n\t\t\t\t\t\t<div class=\"elementor-container elementor-column-gap-default\">\n\t\t\t\t\t<div class=\"elementor-column elementor-col-100 elementor-top-column elementor-element elementor-element-9f20d1e\" data-id=\"9f20d1e\" data-element_type=\"column\">\n\t\t\t<div class=\"elementor-widget-wrap elementor-element-populated\">\n\t\t\t\t\t\t<div class=\"elementor-element elementor-element-85d4397 elementor-invisible elementor-widget elementor-widget-heading\" data-id=\"85d4397\" data-element_type=\"widget\" data-settings=\"{&quot;_animation&quot;:&quot;fadeInLeft&quot;}\" data-widget_type=\"heading.default\">\n\t\t\t\t<div class=\"elementor-widget-container\">\n\t\t\t\t\t<h3 class=\"elementor-heading-title elementor-size-default\">T\u1ea7m nh\u00ecn<\/h3>\t\t\t\t<\/div>\n\t\t\t\t<\/div>\n\t\t\t\t\t<\/div>\n\t\t<\/div>\n\t\t\t\t\t<\/div>\n\t\t<\/section>\n\t\t\t\t<section class=\"elementor-section elementor-top-section elementor-element elementor-element-d0ac9ee elementor-section-boxed elementor-section-height-default elementor-section-height-default\" data-id=\"d0ac9ee\" data-element_type=\"section\">\n\t\t\t\t\t\t<div class=\"elementor-container elementor-column-gap-default\">\n\t\t\t\t\t<div class=\"elementor-column elementor-col-50 elementor-top-column elementor-element elementor-element-70b27da\" data-id=\"70b27da\" data-element_type=\"column\">\n\t\t\t<div class=\"elementor-widget-wrap elementor-element-populated\">\n\t\t\t\t\t\t<div class=\"elementor-element elementor-element-13ee8d1 elementor-invisible elementor-widget elementor-widget-text-editor\" data-id=\"13ee8d1\" data-element_type=\"widget\" data-settings=\"{&quot;_animation&quot;:&quot;fadeInRight&quot;}\" data-widget_type=\"text-editor.default\">\n\t\t\t\t<div class=\"elementor-widget-container\">\n\t\t\t\t\t\t\t\t\t<ul><li>Vi\u1ec7t Quang Farm l\u00e0 s\u1ef1 l\u1ef1a ch\u1ecdn h\u00e0ng \u0111\u1ea7u c\u1ee7a c\u00e1c doanh nghi\u1ec7p, c\u00e1 nh\u00e2n khu v\u1ef1c v\u00e0 tr\u00ean to\u00e0n qu\u1ed1c.<\/li><li>T\u1eebng b\u01b0\u1edbc tr\u1edf th\u00e0nh \u0111\u01a1n v\u1ecb h\u00e0ng \u0111\u1ea7u v\u1ec1 cung c\u1ea5p th\u1ef1c ph\u1ea9m &amp; su\u1ea5t \u0103n c\u00f4ng nghi\u1ec7p,&#8230; v\u1eefng m\u1ea1nh v\u1ec1 t\u1ed5 ch\u1ee9c v\u00e0 l\u1edbn m\u1ea1nh v\u1ec1 th\u01b0\u01a1ng hi\u1ec7u.<\/li><\/ul>\t\t\t\t\t\t\t\t<\/div>\n\t\t\t\t<\/div>\n\t\t\t\t\t<\/div>\n\t\t<\/div>\n\t\t\t\t<div class=\"elementor-column elementor-col-50 elementor-top-column elementor-element elementor-element-cba9203\" data-id=\"cba9203\" data-element_type=\"column\">\n\t\t\t<div class=\"elementor-widget-wrap elementor-element-populated\">\n\t\t\t\t\t\t<div class=\"elementor-element elementor-element-2647c41 elementor-invisible elementor-widget elementor-widget-image\" data-id=\"2647c41\" data-element_type=\"widget\" data-settings=\"{&quot;_animation&quot;:&quot;zoomIn&quot;}\" data-widget_type=\"image.default\">\n\t\t\t\t<div class=\"elementor-widget-container\">\n\t\t\t\t\t\t\t\t\t\t\t\t\t\t\t<img fetchpriority=\"high\" decoding=\"async\" width=\"848\" height=\"565\" src=\"https:\/\/vietquangfarm.com\/wp-content\/uploads\/2023\/04\/Company-Vision.jpg\" class=\"attachment-large size-large wp-image-133\" alt=\"\" srcset=\"https:\/\/vietquangfarm.com\/wp-content\/uploads\/2023\/04\/Company-Vision.jpg 848w, https:\/\/vietquangfarm.com\/wp-content\/uploads\/2023\/04\/Company-Vision-300x200.jpg 300w, https:\/\/vietquangfarm.com\/wp-content\/uploads\/2023\/04\/Company-Vision-768x512.jpg 768w, https:\/\/vietquangfarm.com\/wp-content\/uploads\/2023\/04\/Company-Vision-600x400.jpg 600w\" sizes=\"(max-width: 848px) 100vw, 848px\" \/>\t\t\t\t\t\t\t\t\t\t\t\t\t\t\t<\/div>\n\t\t\t\t<\/div>\n\t\t\t\t\t<\/div>\n\t\t<\/div>\n\t\t\t\t\t<\/div>\n\t\t<\/section>\n\t\t\t\t<section class=\"elementor-section elementor-top-section elementor-element elementor-element-e84e08d elementor-section-boxed elementor-section-height-default elementor-section-height-default\" data-id=\"e84e08d\" data-element_type=\"section\">\n\t\t\t\t\t\t<div class=\"elementor-container elementor-column-gap-default\">\n\t\t\t\t\t<div class=\"elementor-column elementor-col-100 elementor-top-column elementor-element elementor-element-17d357d\" data-id=\"17d357d\" data-element_type=\"column\">\n\t\t\t<div class=\"elementor-widget-wrap elementor-element-populated\">\n\t\t\t\t\t\t<div class=\"elementor-element elementor-element-1eafcd5 elementor-invisible elementor-widget elementor-widget-heading\" data-id=\"1eafcd5\" data-element_type=\"widget\" data-settings=\"{&quot;_animation&quot;:&quot;fadeInLeft&quot;}\" data-widget_type=\"heading.default\">\n\t\t\t\t<div class=\"elementor-widget-container\">\n\t\t\t\t\t<h3 class=\"elementor-heading-title elementor-size-default\">S\u1ee9 m\u1ec7nh<\/h3>\t\t\t\t<\/div>\n\t\t\t\t<\/div>\n\t\t\t\t\t<\/div>\n\t\t<\/div>\n\t\t\t\t\t<\/div>\n\t\t<\/section>\n\t\t\t\t<section class=\"elementor-section elementor-top-section elementor-element elementor-element-bee969e elementor-section-boxed elementor-section-height-default elementor-section-height-default\" data-id=\"bee969e\" data-element_type=\"section\">\n\t\t\t\t\t\t<div class=\"elementor-container elementor-column-gap-default\">\n\t\t\t\t\t<div class=\"elementor-column elementor-col-50 elementor-top-column elementor-element elementor-element-9019a06\" data-id=\"9019a06\" data-element_type=\"column\">\n\t\t\t<div class=\"elementor-widget-wrap elementor-element-populated\">\n\t\t\t\t\t\t<div class=\"elementor-element elementor-element-0ca8daa elementor-invisible elementor-widget elementor-widget-text-editor\" data-id=\"0ca8daa\" data-element_type=\"widget\" data-settings=\"{&quot;_animation&quot;:&quot;fadeInRight&quot;}\" data-widget_type=\"text-editor.default\">\n\t\t\t\t<div class=\"elementor-widget-container\">\n\t\t\t\t\t\t\t\t\t<ul><li>Ch\u00fang t\u00f4i mang \u0111\u1ebfn cho kh\u00e1ch h\u00e0ng nh\u1eefng s\u1ea3n ph\u1ea9m t\u1ed1t nh\u1ea5t, g\u00f3p ph\u1ea7n mang l\u1ea1i s\u1ef1 th\u00e0nh c\u00f4ng cho doanh nghi\u1ec7p v\u00e0 c\u00e1 nh\u00e2n.<\/li><li><br \/>\u0110\u1ecbnh h\u01b0\u1edbng, \u0111\u00e0o t\u1ea1o v\u00e0 t\u1ea1o m\u00f4i tr\u01b0\u1eddng l\u00e0m vi\u1ec7c th\u00e2n thi\u1ec7n cho nh\u00e2n vi\u00ean.<\/li><\/ul>\t\t\t\t\t\t\t\t<\/div>\n\t\t\t\t<\/div>\n\t\t\t\t\t<\/div>\n\t\t<\/div>\n\t\t\t\t<div class=\"elementor-column elementor-col-50 elementor-top-column elementor-element elementor-element-d8f51ad\" data-id=\"d8f51ad\" data-element_type=\"column\">\n\t\t\t<div class=\"elementor-widget-wrap elementor-element-populated\">\n\t\t\t\t\t\t<div class=\"elementor-element elementor-element-9a326d3 elementor-invisible elementor-widget elementor-widget-image\" data-id=\"9a326d3\" data-element_type=\"widget\" data-settings=\"{&quot;_animation&quot;:&quot;zoomIn&quot;}\" data-widget_type=\"image.default\">\n\t\t\t\t<div class=\"elementor-widget-container\">\n\t\t\t\t\t\t\t\t\t\t\t\t\t\t\t<img decoding=\"async\" width=\"576\" height=\"324\" src=\"https:\/\/vietquangfarm.com\/wp-content\/uploads\/2023\/04\/Mission.jpg\" class=\"attachment-large size-large wp-image-134\" alt=\"\" srcset=\"https:\/\/vietquangfarm.com\/wp-content\/uploads\/2023\/04\/Mission.jpg 576w, https:\/\/vietquangfarm.com\/wp-content\/uploads\/2023\/04\/Mission-300x169.jpg 300w\" sizes=\"(max-width: 576px) 100vw, 576px\" \/>\t\t\t\t\t\t\t\t\t\t\t\t\t\t\t<\/div>\n\t\t\t\t<\/div>\n\t\t\t\t\t<\/div>\n\t\t<\/div>\n\t\t\t\t\t<\/div>\n\t\t<\/section>\n\t\t\t\t<section class=\"elementor-section elementor-top-section elementor-element elementor-element-248973f elementor-section-boxed elementor-section-height-default elementor-section-height-default\" data-id=\"248973f\" data-element_type=\"section\">\n\t\t\t\t\t\t<div class=\"elementor-container elementor-column-gap-default\">\n\t\t\t\t\t<div class=\"elementor-column elementor-col-100 elementor-top-column elementor-element elementor-element-c686271\" data-id=\"c686271\" data-element_type=\"column\">\n\t\t\t<div class=\"elementor-widget-wrap elementor-element-populated\">\n\t\t\t\t\t\t<div class=\"elementor-element elementor-element-ac113af elementor-invisible elementor-widget elementor-widget-heading\" data-id=\"ac113af\" data-element_type=\"widget\" data-settings=\"{&quot;_animation&quot;:&quot;fadeInLeft&quot;}\" data-widget_type=\"heading.default\">\n\t\t\t\t<div class=\"elementor-widget-container\">\n\t\t\t\t\t<h3 class=\"elementor-heading-title elementor-size-default\">Gi\u00e1 tr\u1ecb c\u1ed1t l\u00f5i<\/h3>\t\t\t\t<\/div>\n\t\t\t\t<\/div>\n\t\t\t\t\t<\/div>\n\t\t<\/div>\n\t\t\t\t\t<\/div>\n\t\t<\/section>\n\t\t\t\t<section class=\"elementor-section elementor-top-section elementor-element elementor-element-16f3846 elementor-section-boxed elementor-section-height-default elementor-section-height-default\" data-id=\"16f3846\" data-element_type=\"section\">\n\t\t\t\t\t\t<div class=\"elementor-container elementor-column-gap-default\">\n\t\t\t\t\t<div class=\"elementor-column elementor-col-50 elementor-top-column elementor-element elementor-element-6eab2ae\" data-id=\"6eab2ae\" data-element_type=\"column\">\n\t\t\t<div class=\"elementor-widget-wrap elementor-element-populated\">\n\t\t\t\t\t\t<div class=\"elementor-element elementor-element-6d5bcd6 elementor-invisible elementor-widget elementor-widget-text-editor\" data-id=\"6d5bcd6\" data-element_type=\"widget\" data-settings=\"{&quot;_animation&quot;:&quot;fadeInRight&quot;}\" data-widget_type=\"text-editor.default\">\n\t\t\t\t<div class=\"elementor-widget-container\">\n\t\t\t\t\t\t\t\t\t<ul><li>T\u00f4n tr\u1ecdng gi\u00e1 tr\u1ecb con ng\u01b0\u1eddi.<\/li><li>Ch\u00ednh tr\u1ef1c.<\/li><li>Chuy\u00ean nghi\u1ec7p.<\/li><li>Tu\u00e2n th\u1ee7 c\u00e1c nguy\u00ean t\u1eafc.<\/li><li>S\u00e1ng t\u1ea1o v\u00e0 \u0110\u1ed5i m\u1edbi.<\/li><li>S\u1eb5n s\u00e0ng \u0111\u00f3n nh\u1eadn th\u1eed th\u00e1ch.<\/li><\/ul>\t\t\t\t\t\t\t\t<\/div>\n\t\t\t\t<\/div>\n\t\t\t\t\t<\/div>\n\t\t<\/div>\n\t\t\t\t<div class=\"elementor-column elementor-col-50 elementor-top-column elementor-element elementor-element-e071e75\" data-id=\"e071e75\" data-element_type=\"column\">\n\t\t\t<div class=\"elementor-widget-wrap elementor-element-populated\">\n\t\t\t\t\t\t<div class=\"elementor-element elementor-element-fd99d4b elementor-invisible elementor-widget elementor-widget-image\" data-id=\"fd99d4b\" data-element_type=\"widget\" data-settings=\"{&quot;_animation&quot;:&quot;zoomIn&quot;}\" data-widget_type=\"image.default\">\n\t\t\t\t<div class=\"elementor-widget-container\">\n\t\t\t\t\t\t\t\t\t\t\t\t\t\t\t<img decoding=\"async\" width=\"421\" height=\"263\" src=\"https:\/\/vietquangfarm.com\/wp-content\/uploads\/2023\/04\/core-value.jpg\" class=\"attachment-large size-large wp-image-135\" alt=\"\" srcset=\"https:\/\/vietquangfarm.com\/wp-content\/uploads\/2023\/04\/core-value.jpg 421w, https:\/\/vietquangfarm.com\/wp-content\/uploads\/2023\/04\/core-value-300x187.jpg 300w\" sizes=\"(max-width: 421px) 100vw, 421px\" \/>\t\t\t\t\t\t\t\t\t\t\t\t\t\t\t<\/div>\n\t\t\t\t<\/div>\n\t\t\t\t\t<\/div>\n\t\t<\/div>\n\t\t\t\t\t<\/div>\n\t\t<\/section>\n\t\t\t\t<\/div>\n\t\t","protected":false},"excerpt":{"rendered":"<p>T\u1ea7m nh\u00ecn &#8211; S\u1ee9 m\u1ec7nh &#8211; Gi\u00e1 tr\u1ecb c\u1ed1t l\u00f5i T\u1ea7m nh\u00ecn Vi\u1ec7t Quang Farm l\u00e0 s\u1ef1 l\u1ef1a ch\u1ecdn h\u00e0ng \u0111\u1ea7u c\u1ee7a c\u00e1c doanh nghi\u1ec7p, c\u00e1 nh\u00e2n khu v\u1ef1c v\u00e0 tr\u00ean to\u00e0n qu\u1ed1c. T\u1eebng b\u01b0\u1edbc tr\u1edf th\u00e0nh \u0111\u01a1n v\u1ecb h\u00e0ng \u0111\u1ea7u v\u1ec1 cung c\u1ea5p th\u1ef1c ph\u1ea9m &amp; su\u1ea5t \u0103n c\u00f4ng nghi\u1ec7p,&#8230; v\u1eefng m\u1ea1nh v\u1ec1 t\u1ed5 &#8230; <a title=\"T\u1ea7m nh\u00ecn &#8211; S\u1ee9 m\u1ec7nh &#8211; Gi\u00e1 tr\u1ecb\" class=\"read-more\" href=\"https:\/\/vietquangfarm.com\/index.php\/tam-nhin-su-menh-gia-tri\/\" aria-label=\"\u0110\u1ecdc th\u00eam v\u1ec1 T\u1ea7m nh\u00ecn &#8211; S\u1ee9 m\u1ec7nh &#8211; Gi\u00e1 tr\u1ecb\">\u0110\u1ecdc ti\u1ebfp<\/a><\/p>\n","protected":false},"author":1,"featured_media":0,"parent":0,"menu_order":0,"comment_status":"closed","ping_status":"closed","template":"elementor_header_footer","meta":{"footnotes":""},"class_list":["post-66","page","type-page","status-publish"],"_links":{"self":[{"href":"https:\/\/vietquangfarm.com\/index.php\/wp-json\/wp\/v2\/pages\/66","targetHints":{"allow":["GET"]}}],"collection":[{"href":"https:\/\/vietquangfarm.com\/index.php\/wp-json\/wp\/v2\/pages"}],"about":[{"href":"https:\/\/vietquangfarm.com\/index.php\/wp-json\/wp\/v2\/types\/page"}],"author":[{"embeddable":true,"href":"https:\/\/vietquangfarm.com\/index.php\/wp-json\/wp\/v2\/users\/1"}],"replies":[{"embeddable":true,"href":"https:\/\/vietquangfarm.com\/index.php\/wp-json\/wp\/v2\/comments?post=66"}],"version-history":[{"count":10,"href":"https:\/\/vietquangfarm.com\/index.php\/wp-json\/wp\/v2\/pages\/66\/revisions"}],"predecessor-version":[{"id":160,"href":"https:\/\/vietquangfarm.com\/index.php\/wp-json\/wp\/v2\/pages\/66\/revisions\/160"}],"wp:attachment":[{"href":"https:\/\/vietquangfarm.com\/index.php\/wp-json\/wp\/v2\/media?parent=66"}],"curies":[{"name":"wp","href":"https:\/\/api.w.org\/{rel}","templated":true}]}}